{"id":2854,"date":"2020-11-15T23:13:29","date_gmt":"2020-11-15T22:13:29","guid":{"rendered":"https:\/\/www.parafia-nowemiasto.pl\/?page_id=2854"},"modified":"2020-11-15T23:13:30","modified_gmt":"2020-11-15T22:13:30","slug":"liturgiczna-sluzba-oltarza","status":"publish","type":"page","link":"http:\/\/www.parafia-nowemiasto.pl\/index.php\/liturgiczna-sluzba-oltarza\/","title":{"rendered":"Liturgiczna s\u0142u\u017cba O\u0142tarza"},"content":{"rendered":"","protected":false},"excerpt":{"rendered":"","protected":false},"author":1,"featured_media":0,"parent":0,"menu_order":0,"comment_status":"closed","ping_status":"closed","template":"","meta":{"footnotes":""},"class_list":["post-2854","page","type-page","status-publish","hentry"],"_links":{"self":[{"href":"http:\/\/www.parafia-nowemiasto.pl\/index.php\/wp-json\/wp\/v2\/pages\/2854","targetHints":{"allow":["GET"]}}],"collection":[{"href":"http:\/\/www.parafia-nowemiasto.pl\/index.php\/wp-json\/wp\/v2\/pages"}],"about":[{"href":"http:\/\/www.parafia-nowemiasto.pl\/index.php\/wp-json\/wp\/v2\/types\/page"}],"author":[{"embeddable":true,"href":"http:\/\/www.parafia-nowemiasto.pl\/index.php\/wp-json\/wp\/v2\/users\/1"}],"replies":[{"embeddable":true,"href":"http:\/\/www.parafia-nowemiasto.pl\/index.php\/wp-json\/wp\/v2\/comments?post=2854"}],"version-history":[{"count":1,"href":"http:\/\/www.parafia-nowemiasto.pl\/index.php\/wp-json\/wp\/v2\/pages\/2854\/revisions"}],"predecessor-version":[{"id":2855,"href":"http:\/\/www.parafia-nowemiasto.pl\/index.php\/wp-json\/wp\/v2\/pages\/2854\/revisions\/2855"}],"wp:attachment":[{"href":"http:\/\/www.parafia-nowemiasto.pl\/index.php\/wp-json\/wp\/v2\/media?parent=2854"}],"curies":[{"name":"wp","href":"https:\/\/api.w.org\/{rel}","templated":true}]}}