{"id":3537,"date":"2021-03-02T23:09:16","date_gmt":"2021-03-02T22:09:16","guid":{"rendered":"https:\/\/www.parafia-nowemiasto.pl\/?page_id=3537"},"modified":"2024-02-29T20:41:59","modified_gmt":"2024-02-29T19:41:59","slug":"prace-restauratorskie","status":"publish","type":"page","link":"http:\/\/www.parafia-nowemiasto.pl\/index.php\/prace-restauratorskie\/","title":{"rendered":"Zapytania ofertowe"},"content":{"rendered":"<h3>Zapytania ofertowe na wykonanie prac restauratorskich<\/h3>\n<p>\t\t\t\t\t\t\t\t\t\t\t\t\t\t\t<img loading=\"lazy\" decoding=\"async\" width=\"1000\" height=\"618\" src=\"http:\/\/www.parafia-nowemiasto.pl\/wp-content\/uploads\/2024\/02\/nagrobek-2.jpg\" alt=\"\" srcset=\"https:\/\/www.parafia-nowemiasto.pl\/wp-content\/uploads\/2024\/02\/nagrobek-2.jpg 1000w, https:\/\/www.parafia-nowemiasto.pl\/wp-content\/uploads\/2024\/02\/nagrobek-2-300x185.jpg 300w, https:\/\/www.parafia-nowemiasto.pl\/wp-content\/uploads\/2024\/02\/nagrobek-2-768x475.jpg 768w\" sizes=\"auto, (max-width: 1000px) 100vw, 1000px\" \/>\t\t\t\t\t\t\t\t\t\t\t\t\t\t\t<\/p>\n<h4>Nagrobek Rufina Staszewskiego<\/h4>\n<p>\t\t\t<a href=\"https:\/\/www.parafia-nowemiasto.pl\/index.php\/nagrobek-rufina-staszewskiego\/\"><br \/>\n\t\t\t\t\t\tWi\u0119cej<br \/>\n\t\t\t\t\t<\/a><br \/>\n\t\t\t\t\t\t\t\t\t\t\t\t\t\t\t<img loading=\"lazy\" decoding=\"async\" width=\"2560\" height=\"1707\" src=\"http:\/\/www.parafia-nowemiasto.pl\/wp-content\/uploads\/2024\/02\/nagrobek-1-scaled.jpg\" alt=\"\" srcset=\"https:\/\/www.parafia-nowemiasto.pl\/wp-content\/uploads\/2024\/02\/nagrobek-1-scaled.jpg 2560w, https:\/\/www.parafia-nowemiasto.pl\/wp-content\/uploads\/2024\/02\/nagrobek-1-300x200.jpg 300w, https:\/\/www.parafia-nowemiasto.pl\/wp-content\/uploads\/2024\/02\/nagrobek-1-1024x683.jpg 1024w, https:\/\/www.parafia-nowemiasto.pl\/wp-content\/uploads\/2024\/02\/nagrobek-1-768x512.jpg 768w, https:\/\/www.parafia-nowemiasto.pl\/wp-content\/uploads\/2024\/02\/nagrobek-1-1536x1024.jpg 1536w, https:\/\/www.parafia-nowemiasto.pl\/wp-content\/uploads\/2024\/02\/nagrobek-1-2048x1365.jpg 2048w\" sizes=\"auto, (max-width: 2560px) 100vw, 2560px\" \/>\t\t\t\t\t\t\t\t\t\t\t\t\t\t\t<\/p>\n<h4>nagrobek stanis\u0142awa Iwanickiego<\/h4>\n<p>\t\t\t<a href=\"https:\/\/www.parafia-nowemiasto.pl\/index.php\/nagrobek-stanislawa-iwanickiego\/\"><br \/>\n\t\t\t\t\t\tWi\u0119cej<br \/>\n\t\t\t\t\t<\/a><br \/>\n\t\t\t\t\t\t\t\t\t\t\t\t\t\t\t<img loading=\"lazy\" decoding=\"async\" width=\"600\" height=\"400\" src=\"http:\/\/www.parafia-nowemiasto.pl\/wp-content\/uploads\/2024\/02\/nagrobek-oferty.png\" alt=\"\" srcset=\"https:\/\/www.parafia-nowemiasto.pl\/wp-content\/uploads\/2024\/02\/nagrobek-oferty.png 600w, https:\/\/www.parafia-nowemiasto.pl\/wp-content\/uploads\/2024\/02\/nagrobek-oferty-300x200.png 300w\" sizes=\"auto, (max-width: 600px) 100vw, 600px\" \/>\t\t\t\t\t\t\t\t\t\t\t\t\t\t\t<\/p>\n<h4>Nagrobek Karola Baranowskiego<\/h4>\n<p>\t\t\t<a href=\"https:\/\/www.parafia-nowemiasto.pl\/index.php\/nagrobek-karola-baranowskiego\/\"><br \/>\n\t\t\t\t\t\tWi\u0119cej<br \/>\n\t\t\t\t\t<\/a><\/p>\n","protected":false},"excerpt":{"rendered":"<p>Zapytania ofertowe na wykonanie prac restauratorskich Nagrobek Rufina Staszewskiego Wi\u0119cej nagrobek stanis\u0142awa Iwanickiego Wi\u0119cej Nagrobek Karola Baranowskiego Wi\u0119cej<\/p>\n","protected":false},"author":1,"featured_media":0,"parent":0,"menu_order":0,"comment_status":"closed","ping_status":"closed","template":"","meta":{"footnotes":""},"class_list":["post-3537","page","type-page","status-publish","hentry"],"_links":{"self":[{"href":"http:\/\/www.parafia-nowemiasto.pl\/index.php\/wp-json\/wp\/v2\/pages\/3537","targetHints":{"allow":["GET"]}}],"collection":[{"href":"http:\/\/www.parafia-nowemiasto.pl\/index.php\/wp-json\/wp\/v2\/pages"}],"about":[{"href":"http:\/\/www.parafia-nowemiasto.pl\/index.php\/wp-json\/wp\/v2\/types\/page"}],"author":[{"embeddable":true,"href":"http:\/\/www.parafia-nowemiasto.pl\/index.php\/wp-json\/wp\/v2\/users\/1"}],"replies":[{"embeddable":true,"href":"http:\/\/www.parafia-nowemiasto.pl\/index.php\/wp-json\/wp\/v2\/comments?post=3537"}],"version-history":[{"count":42,"href":"http:\/\/www.parafia-nowemiasto.pl\/index.php\/wp-json\/wp\/v2\/pages\/3537\/revisions"}],"predecessor-version":[{"id":5845,"href":"http:\/\/www.parafia-nowemiasto.pl\/index.php\/wp-json\/wp\/v2\/pages\/3537\/revisions\/5845"}],"wp:attachment":[{"href":"http:\/\/www.parafia-nowemiasto.pl\/index.php\/wp-json\/wp\/v2\/media?parent=3537"}],"curies":[{"name":"wp","href":"https:\/\/api.w.org\/{rel}","templated":true}]}}