{"id":5725,"date":"2024-02-09T22:29:54","date_gmt":"2024-02-09T21:29:54","guid":{"rendered":"https:\/\/www.parafia-nowemiasto.pl\/?page_id=5725"},"modified":"2024-03-27T19:21:18","modified_gmt":"2024-03-27T18:21:18","slug":"nagrobek-karola-baranowskiego","status":"publish","type":"page","link":"http:\/\/www.parafia-nowemiasto.pl\/index.php\/nagrobek-karola-baranowskiego\/","title":{"rendered":"Nagrobek Karola Baranowskiego"},"content":{"rendered":"<h3>Zapytanie ofertowe na wykonanie prac restauratorskich nagrobku Karola Baranowskiego<\/h3>\n<p>ZAPROSZENIE DO SK\u0141ADANIA OFERT<\/p>\n<p>ZAPYTANIE OFERTOWE NR 3\/2024 z&nbsp;dnia 09.02.2024 r.<\/p>\n<ul>\n<li><a href=\"http:\/\/www.parafia-nowemiasto.pl\/wp-content\/uploads\/2024\/02\/Zapytanie-ofertowe-Karola-Baranowskiego.pdf\" target=\"_blank\" rel=\"noopener\">Zapytanie ofertowe<\/a><\/li>\n<li><a href=\"http:\/\/www.parafia-nowemiasto.pl\/wp-content\/uploads\/2024\/02\/Zal.-nr-1-Formularz-ofertowy-Karola-Baranowskiego.docx\" target=\"_blank\" rel=\"noopener\">Formularz ofertowy<\/a><\/li>\n<li><a href=\"http:\/\/www.parafia-nowemiasto.pl\/wp-content\/uploads\/2024\/02\/Zal.-nr-2-Wzor-umowy-Karola-Baranowskiego.pdf\" target=\"_blank\" rel=\"noopener\">Wz\u00f3r umowy<\/a><\/li>\n<li><a href=\"http:\/\/www.parafia-nowemiasto.pl\/wp-content\/uploads\/2024\/02\/Zal.-nr-3-klauzula-RODO-Karola-Baranowskiego.docx\" target=\"_blank\" rel=\"noopener\">Za\u0142\u0105cznik nr 3 klauzula Rodo<\/a><\/li>\n<li><a href=\"http:\/\/www.parafia-nowemiasto.pl\/wp-content\/uploads\/2024\/02\/Zalacznik-nr-4-Wykaz-robot-Karola-Baranowskiego.docx\" target=\"_blank\" rel=\"noopener\">Za\u0142\u0105cznik nr 4 wykaz rob\u00f3t<\/a><\/li>\n<li><a href=\"http:\/\/www.parafia-nowemiasto.pl\/wp-content\/uploads\/2024\/02\/zalacznik-nr-5_oswiadczenie-o-wykluczeniu-Karola-Baranowskiego.doc\" target=\"_blank\" rel=\"noopener\">Za\u0142\u0105cznik nr 5 o\u015bwiadczenie o&nbsp;wykluczeniu<\/a><\/li>\n<li><a href=\"http:\/\/www.parafia-nowemiasto.pl\/wp-content\/uploads\/2024\/02\/zalacznik-nr-6_oswiadczenie-o-spelnieniu-warunkow-udzialu-w-postepowaniu-Karola-Baranowskiego.doc target=\" rel=\"noopener\">Za\u0142\u0105cznik nr 6 o\u015bwiadczenie o&nbsp;spe\u0142nieniu warunk\u00f3w udzia\u0142 u&nbsp;w post\u0119powaniu<\/a><\/li>\n<li><a href=\"http:\/\/www.parafia-nowemiasto.pl\/wp-content\/uploads\/2024\/02\/zalacznik-nr-7_oswiadczenie-o-braku-powiazan-z-Zamawiajacym-Karola-Baranowskiego.doc\" target=\"_blank\" rel=\"noopener\">Za\u0142\u0105cznik nr 7 o\u015bwiadczenie o&nbsp;braku powi\u0105za\u0144<\/a><\/li>\n<li>INFORMACJA Z&nbsp;OTWARCIA OFERTY https:\/\/ugnowemiasto.pl\/pl\/zapytanie-ofertowe-3<\/li>\n<li>Zawiadomienie o&nbsp;wyborze oferty &#8211; Baranowskifile:\/\/\/C:\/Users\/jusmal\/Downloads\/Informacja%20o%20wyborze%20najkorzystniejszej%20oferty%20-%20nagrobku%20Karola%20Baranowskiego.docx.pdf<\/li>\n<\/ul>\n<table>\n<tbody>\n<tr>\n<td>\n<p>\u00a0<\/p>\n<table>\n<tbody>\n<tr>\n<td>\u00a0<\/td>\n<\/tr>\n<\/tbody>\n<\/table>\n<\/td>\n<\/tr>\n<\/tbody>\n<\/table>\n<figure><img decoding=\"async\" src=\"http:\/\/www.parafia-nowemiasto.pl\/wp-content\/uploads\/2024\/02\/IMG_20230228_114042.jpg\" alt=\"IMG_20230228_114042\" \/><\/figure>\n<figure><img decoding=\"async\" src=\"http:\/\/www.parafia-nowemiasto.pl\/wp-content\/uploads\/2024\/02\/IMG_20230228_114100.jpg\" alt=\"IMG_20230228_114100\" \/><\/figure>\n<figure><img decoding=\"async\" src=\"http:\/\/www.parafia-nowemiasto.pl\/wp-content\/uploads\/2024\/02\/IMG_20230228_114116.jpg\" alt=\"IMG_20230228_114116\" \/><\/figure>\n","protected":false},"excerpt":{"rendered":"<p>Zapytanie ofertowe na wykonanie prac restauratorskich nagrobku Karola Baranowskiego ZAPROSZENIE DO SK\u0141ADANIA OFERT ZAPYTANIE OFERTOWE NR 3\/2024 z&nbsp;dnia 09.02.2024 r. Zapytanie ofertowe Formularz ofertowy Wz\u00f3r umowy Za\u0142\u0105cznik nr 3 klauzula Rodo Za\u0142\u0105cznik nr 4 wykaz rob\u00f3t Za\u0142\u0105cznik nr 5 o\u015bwiadczenie o&nbsp;wykluczeniu Za\u0142\u0105cznik nr 6 o\u015bwiadczenie o&nbsp;spe\u0142nieniu warunk\u00f3w udzia\u0142 u&nbsp;w&nbsp;post\u0119powaniu Za\u0142\u0105cznik nr 7 o\u015bwiadczenie o&nbsp;braku [&hellip;]<\/p>\n","protected":false},"author":1,"featured_media":0,"parent":0,"menu_order":0,"comment_status":"closed","ping_status":"closed","template":"","meta":{"footnotes":""},"class_list":["post-5725","page","type-page","status-publish","hentry"],"_links":{"self":[{"href":"http:\/\/www.parafia-nowemiasto.pl\/index.php\/wp-json\/wp\/v2\/pages\/5725","targetHints":{"allow":["GET"]}}],"collection":[{"href":"http:\/\/www.parafia-nowemiasto.pl\/index.php\/wp-json\/wp\/v2\/pages"}],"about":[{"href":"http:\/\/www.parafia-nowemiasto.pl\/index.php\/wp-json\/wp\/v2\/types\/page"}],"author":[{"embeddable":true,"href":"http:\/\/www.parafia-nowemiasto.pl\/index.php\/wp-json\/wp\/v2\/users\/1"}],"replies":[{"embeddable":true,"href":"http:\/\/www.parafia-nowemiasto.pl\/index.php\/wp-json\/wp\/v2\/comments?post=5725"}],"version-history":[{"count":22,"href":"http:\/\/www.parafia-nowemiasto.pl\/index.php\/wp-json\/wp\/v2\/pages\/5725\/revisions"}],"predecessor-version":[{"id":5961,"href":"http:\/\/www.parafia-nowemiasto.pl\/index.php\/wp-json\/wp\/v2\/pages\/5725\/revisions\/5961"}],"wp:attachment":[{"href":"http:\/\/www.parafia-nowemiasto.pl\/index.php\/wp-json\/wp\/v2\/media?parent=5725"}],"curies":[{"name":"wp","href":"https:\/\/api.w.org\/{rel}","templated":true}]}}