{"id":2864,"date":"2020-11-15T23:15:36","date_gmt":"2020-11-15T22:15:36","guid":{"rendered":"https:\/\/www.parafia-nowemiasto.pl\/?page_id=2864"},"modified":"2020-12-24T09:43:21","modified_gmt":"2020-12-24T08:43:21","slug":"sakrament-namaszczenia-chorych","status":"publish","type":"page","link":"https:\/\/www.parafia-nowemiasto.pl\/index.php\/sakrament-namaszczenia-chorych\/","title":{"rendered":"Sakrament Namaszczenia chorych"},"content":{"rendered":"<h3>Namaszczenie chorych<\/h3>\n<p>\t\t\t\t\t\t\t\t\t\t<img decoding=\"async\" width=\"2560\" height=\"1920\" src=\"https:\/\/www.parafia-nowemiasto.pl\/wp-content\/uploads\/2020\/12\/namaszczenie-scaled.jpg\" alt=\"\" loading=\"lazy\" srcset=\"https:\/\/www.parafia-nowemiasto.pl\/wp-content\/uploads\/2020\/12\/namaszczenie-scaled.jpg 2560w, https:\/\/www.parafia-nowemiasto.pl\/wp-content\/uploads\/2020\/12\/namaszczenie-300x225.jpg 300w, https:\/\/www.parafia-nowemiasto.pl\/wp-content\/uploads\/2020\/12\/namaszczenie-1024x768.jpg 1024w, https:\/\/www.parafia-nowemiasto.pl\/wp-content\/uploads\/2020\/12\/namaszczenie-768x576.jpg 768w, https:\/\/www.parafia-nowemiasto.pl\/wp-content\/uploads\/2020\/12\/namaszczenie-1536x1152.jpg 1536w, https:\/\/www.parafia-nowemiasto.pl\/wp-content\/uploads\/2020\/12\/namaszczenie-2048x1536.jpg 2048w\" sizes=\"auto, (max-width: 2560px) 100vw, 2560px\" \/><br \/>\n\t\t<em>&#8222;Choruje kto\u015b w\u015br\u00f3d was? Niech sprowadzi kap\u0142an\u00f3w Ko\u015bcio\u0142a, by&nbsp;si\u0119 modlili nad nim i&nbsp;nama\u015bcili go olejem w&nbsp;imi\u0119 Pana. A&nbsp;modlitwa pe\u0142na wiary b\u0119dzie dla chorego ratunkiem i&nbsp;Pan go pod\u017awignie, a&nbsp;je\u015bliby pope\u0142ni\u0142 grzechy, b\u0119d\u0105 mu odpuszczone&#8221;<\/em><em>Jk 5, 14-15<\/em>\t\t<\/p>\n<h3>Znaczenie sakramentu<\/h3>\n<p>\t\tSakrament namaszczenia chorych jest przeznaczony dla os\u00f3b ci\u0119\u017cko chorych i&nbsp;starszych. Mo\u017cna przyjmowa\u0107 go wielokrotnie, nie tylko w\u00a0sytuacji zagro\u017cenia \u017cycia.<\/p>\n<ul>Skutki specjalnej \u0142aski sakramentu namaszczenia chorych s\u0105 nast\u0119puj\u0105ce:<\/p>\n<li>zjednoczenie chorego z&nbsp;m\u0119k\u0105 Chrystusa dla jego w\u0142asnego dobra oraz dla dobra ca\u0142ego Ko\u015bcio\u0142a;<\/li>\n<li>umocnienie, pok\u00f3j i&nbsp;odwaga, by przyjmowa\u0107 po chrze\u015bcija\u0144sku cierpienia choroby i&nbsp;staro\u015bci;<\/li>\n<li>przebaczenie grzech\u00f3w, je\u015bli chory nie m\u00f3g\u0142 go otrzyma\u0107 przez sakrament pokuty;<\/li>\n<li>powr\u00f3t do zdrowia, je\u015bli to s\u0142u\u017cy dobru duchowemu;<\/li>\n<li>przygotowanie na przej\u015bcie do \u017cycia wiecznego.<\/li>\n<\/ul>\n<p><i>(Katechizm Ko\u015bcio\u0142a Katolickiego, 1532)<\/i>\t\t<\/p>\n<h3>W&nbsp;naszej parafii<\/h3>\n<p>Zapotrzebowanie na wizyt\u0119 u&nbsp;chorego mo\u017cna zg\u0142osi\u0107 w&nbsp;zakrystii po Mszach \u015bwi\u0119tych lub w&nbsp;kancelarii \u2013 tak\u017ce telefonicznie. W&nbsp;przypadkach zagro\u017cenia \u017cycia wizyta odbywa si\u0119 \u2013 je\u015bli to mo\u017cliwe \u2013 natychmiastowo.<\/p>\n<p>Zapraszaj\u0105c ksi\u0119dza z&nbsp;Naj\u015bwi\u0119tszym Sakramentem w&nbsp;miar\u0119 mo\u017cliwo\u015bci nale\u017cy przygotowa\u0107 st\u00f3\u0142 (stolik) nakryty bia\u0142ym obrusem, a na nim krzy\u017c i&nbsp;dwie \u015bwiece.<\/p>\n","protected":false},"excerpt":{"rendered":"<p>Namaszczenie chorych &#8222;Choruje kto\u015b w\u015br\u00f3d was? Niech sprowadzi kap\u0142an\u00f3w Ko\u015bcio\u0142a, by&nbsp;si\u0119 modlili nad nim i&nbsp;nama\u015bcili go olejem w&nbsp;imi\u0119 Pana. A&nbsp;modlitwa pe\u0142na wiary b\u0119dzie dla chorego ratunkiem i&nbsp;Pan go pod\u017awignie, a&nbsp;je\u015bliby pope\u0142ni\u0142 grzechy, b\u0119d\u0105 mu odpuszczone&#8221;Jk 5, 14-15 Znaczenie sakramentu Sakrament namaszczenia chorych jest przeznaczony dla os\u00f3b ci\u0119\u017cko chorych i&nbsp;starszych. Mo\u017cna przyjmowa\u0107 go wielokrotnie, nie tylko [&hellip;]<\/p>\n","protected":false},"author":1,"featured_media":0,"parent":0,"menu_order":0,"comment_status":"closed","ping_status":"closed","template":"","meta":{"footnotes":""},"class_list":["post-2864","page","type-page","status-publish","hentry"],"_links":{"self":[{"href":"https:\/\/www.parafia-nowemiasto.pl\/index.php\/wp-json\/wp\/v2\/pages\/2864","targetHints":{"allow":["GET"]}}],"collection":[{"href":"https:\/\/www.parafia-nowemiasto.pl\/index.php\/wp-json\/wp\/v2\/pages"}],"about":[{"href":"https:\/\/www.parafia-nowemiasto.pl\/index.php\/wp-json\/wp\/v2\/types\/page"}],"author":[{"embeddable":true,"href":"https:\/\/www.parafia-nowemiasto.pl\/index.php\/wp-json\/wp\/v2\/users\/1"}],"replies":[{"embeddable":true,"href":"https:\/\/www.parafia-nowemiasto.pl\/index.php\/wp-json\/wp\/v2\/comments?post=2864"}],"version-history":[{"count":28,"href":"https:\/\/www.parafia-nowemiasto.pl\/index.php\/wp-json\/wp\/v2\/pages\/2864\/revisions"}],"predecessor-version":[{"id":3397,"href":"https:\/\/www.parafia-nowemiasto.pl\/index.php\/wp-json\/wp\/v2\/pages\/2864\/revisions\/3397"}],"wp:attachment":[{"href":"https:\/\/www.parafia-nowemiasto.pl\/index.php\/wp-json\/wp\/v2\/media?parent=2864"}],"curies":[{"name":"wp","href":"https:\/\/api.w.org\/{rel}","templated":true}]}}