{"id":5697,"date":"2024-02-09T22:27:10","date_gmt":"2024-02-09T21:27:10","guid":{"rendered":"https:\/\/www.parafia-nowemiasto.pl\/?page_id=5697"},"modified":"2024-03-27T19:42:40","modified_gmt":"2024-03-27T18:42:40","slug":"nagrobek-stanislawa-iwanickiego","status":"publish","type":"page","link":"https:\/\/www.parafia-nowemiasto.pl\/index.php\/nagrobek-stanislawa-iwanickiego\/","title":{"rendered":"Nagrobek Stanis\u0142awa Iwanickiego"},"content":{"rendered":"<h3>Zapytanie ofertowe na wykonanie prac restauratorskich nagrobku Stanis\u0142awa Iwanickiego<\/h3>\n<p>ZAPROSZENIE DO SK\u0141ADANIA OFERT<\/p>\n<p>ZAPYTANIE OFERTOWE NR 3\/2024 z&nbsp;dnia 09.02.2024 r.<\/p>\n<ul>\n<li><a href=\"http:\/\/www.parafia-nowemiasto.pl\/wp-content\/uploads\/2024\/02\/Zapytanie-ofertowe-Stanislawa-Iwanickiego.pdf\" target=\"_blank\" rel=\"noopener\">Zapytanie ofertowe<\/a><\/li>\n<li><a href=\"http:\/\/www.parafia-nowemiasto.pl\/wp-content\/uploads\/2024\/02\/Zal.-nr-1-Formularz-ofertowy-Stanislawa-Iwanickiego.docx\" target=\"_blank\" rel=\"noopener\">Formularz ofertowy<\/a><\/li>\n<li><a href=\"http:\/\/www.parafia-nowemiasto.pl\/wp-content\/uploads\/2024\/02\/Zal.-nr-2-Wzor-umowy-Stanislawa-Iwanickiego.pdf\" target=\"_blank\" rel=\"noopener\">Wz\u00f3r umowy<\/a><\/li>\n<li><a href=\"http:\/\/www.parafia-nowemiasto.pl\/wp-content\/uploads\/2024\/02\/Zal.-nr-3-klauzula-RODO-Stanislawa-Iwanickiego.docx\" target=\"_blank\" rel=\"noopener\">Za\u0142\u0105cznik nr 3 klauzula Rodo<\/a><\/li>\n<li><a href=\"http:\/\/www.parafia-nowemiasto.pl\/wp-content\/uploads\/2024\/02\/Zalacznik-nr-4-Wykaz-robot-Stanislawa-Iwanickiego.docx\" target=\"_blank\" rel=\"noopener\">Za\u0142\u0105cznik nr 4 wykaz rob\u00f3t<\/a><\/li>\n<li><a href=\"http:\/\/www.parafia-nowemiasto.pl\/wp-content\/uploads\/2024\/02\/zalacznik-nr-5_oswiadczenie-o-wykluczeniu-Stanislawa-Iwanickiego.doc\" target=\"_blank\" rel=\"noopener\">Za\u0142\u0105cznik nr 5 o\u015bwiadczenie o&nbsp;wykluczeniu<\/a><\/li>\n<li><a href=\"http:\/\/www.parafia-nowemiasto.pl\/wp-content\/uploads\/2024\/02\/zalacznik-nr-6_oswiadczenie-o-spelnieniu-warunkow-udzialu-w-postepowaniu-Stanislawa-Iwanickiego.doc\" target=\"_blank\" rel=\"noopener\">Za\u0142\u0105cznik nr 6 o\u015bwiadczenie o&nbsp;spe\u0142nieniu warunk\u00f3w udzia\u0142 u&nbsp;w post\u0119powaniu<\/a><\/li>\n<li><a href=\"http:\/\/www.parafia-nowemiasto.pl\/wp-content\/uploads\/2024\/02\/zalacznik-nr-7_oswiadczenie-o-braku-powiazan-z-Zamawiajacym-Stanislawa-Iwanickiego.doc\" target=\"_blank\" rel=\"noopener\">Za\u0142\u0105cznik nr 7 o\u015bwiadczenie o&nbsp;braku powi\u0105za\u0144<\/a><\/li>\n<li>INFORMACJA Z&nbsp;OTWARCIA OFERTY <a href=\"https:\/\/ugnowemiasto.pl\/pl\/zapytanie-ofertowe-2\">https:\/\/ugnowemiasto.pl\/pl\/zapytanie-ofertowe-2<\/a><\/li>\n<li>Zawiadomienie o&nbsp;wyborze oferty<\/li>\n<li>file:\/\/\/C:\/Users\/jusmal\/Downloads\/Informacja%20o%20wyborze%20najkorzystniejszej%20oferty%20-%20nagrobku%20Stanis%C5%82awa%20Iwanickiego.docx-1.pdf<\/li>\n<\/ul>\n<figure><img decoding=\"async\" src=\"http:\/\/www.parafia-nowemiasto.pl\/wp-content\/uploads\/2024\/02\/IMG_20230228_115147.jpg\" alt=\"IMG_20230228_115147\" \/><\/figure>\n<figure><img decoding=\"async\" src=\"http:\/\/www.parafia-nowemiasto.pl\/wp-content\/uploads\/2024\/02\/IMG_20230228_115136.jpg\" alt=\"IMG_20230228_115136\" \/><\/figure>\n<figure><img decoding=\"async\" src=\"http:\/\/www.parafia-nowemiasto.pl\/wp-content\/uploads\/2024\/02\/IMG_20230228_115121.jpg\" alt=\"IMG_20230228_115121\" \/><\/figure>\n<figure><img decoding=\"async\" src=\"http:\/\/www.parafia-nowemiasto.pl\/wp-content\/uploads\/2024\/02\/IMG_20230228_115107.jpg\" alt=\"IMG_20230228_115107\" \/><\/figure>\n","protected":false},"excerpt":{"rendered":"<p>Zapytanie ofertowe na wykonanie prac restauratorskich nagrobku Stanis\u0142awa Iwanickiego ZAPROSZENIE DO SK\u0141ADANIA OFERT ZAPYTANIE OFERTOWE NR 3\/2024 z&nbsp;dnia 09.02.2024 r. Zapytanie ofertowe Formularz ofertowy Wz\u00f3r umowy Za\u0142\u0105cznik nr 3 klauzula Rodo Za\u0142\u0105cznik nr 4 wykaz rob\u00f3t Za\u0142\u0105cznik nr 5 o\u015bwiadczenie o&nbsp;wykluczeniu Za\u0142\u0105cznik nr 6 o\u015bwiadczenie o&nbsp;spe\u0142nieniu warunk\u00f3w udzia\u0142 u&nbsp;w&nbsp;post\u0119powaniu Za\u0142\u0105cznik nr 7 o\u015bwiadczenie o&nbsp;braku [&hellip;]<\/p>\n","protected":false},"author":1,"featured_media":0,"parent":0,"menu_order":0,"comment_status":"closed","ping_status":"closed","template":"","meta":{"footnotes":""},"class_list":["post-5697","page","type-page","status-publish","hentry"],"_links":{"self":[{"href":"https:\/\/www.parafia-nowemiasto.pl\/index.php\/wp-json\/wp\/v2\/pages\/5697","targetHints":{"allow":["GET"]}}],"collection":[{"href":"https:\/\/www.parafia-nowemiasto.pl\/index.php\/wp-json\/wp\/v2\/pages"}],"about":[{"href":"https:\/\/www.parafia-nowemiasto.pl\/index.php\/wp-json\/wp\/v2\/types\/page"}],"author":[{"embeddable":true,"href":"https:\/\/www.parafia-nowemiasto.pl\/index.php\/wp-json\/wp\/v2\/users\/1"}],"replies":[{"embeddable":true,"href":"https:\/\/www.parafia-nowemiasto.pl\/index.php\/wp-json\/wp\/v2\/comments?post=5697"}],"version-history":[{"count":22,"href":"https:\/\/www.parafia-nowemiasto.pl\/index.php\/wp-json\/wp\/v2\/pages\/5697\/revisions"}],"predecessor-version":[{"id":5977,"href":"https:\/\/www.parafia-nowemiasto.pl\/index.php\/wp-json\/wp\/v2\/pages\/5697\/revisions\/5977"}],"wp:attachment":[{"href":"https:\/\/www.parafia-nowemiasto.pl\/index.php\/wp-json\/wp\/v2\/media?parent=5697"}],"curies":[{"name":"wp","href":"https:\/\/api.w.org\/{rel}","templated":true}]}}