{"id":5808,"date":"2024-02-29T20:15:31","date_gmt":"2024-02-29T19:15:31","guid":{"rendered":"https:\/\/www.parafia-nowemiasto.pl\/?page_id=5808"},"modified":"2024-04-24T23:38:23","modified_gmt":"2024-04-24T21:38:23","slug":"renowacja-organow","status":"publish","type":"page","link":"https:\/\/www.parafia-nowemiasto.pl\/index.php\/renowacja-organow\/","title":{"rendered":"Renowacja organ\u00f3w"},"content":{"rendered":"<h3>Zapytanie ofertowe na wykonanie Remontu Organ\u00f3w<br \/>W&nbsp;Nowym Mie\u015bcie<\/h3>\n<p>\t\t\t\t\t\t\t\t\t\t\t\t\t\t\t<img loading=\"lazy\" decoding=\"async\" width=\"1024\" height=\"732\" src=\"http:\/\/www.parafia-nowemiasto.pl\/wp-content\/uploads\/2024\/02\/organy-nowe-miasto-1024x732.jpg\" alt=\"\" \/><br \/>\n\t\t<strong>Parafia Rzymskokatolicka \u015bw. Anny w&nbsp;Nowym Mie\u015bcie prezentuje instrument organowy o&nbsp;bogatej historii i&nbsp;unikalnych cechach, kt\u00f3ry jednak wymaga uwagi ze wzgl\u0119du na liczne usterki.<\/strong><\/p>\n<h4><strong>Dane Techniczne:<\/strong><\/h4>\n<ul>\n<li><strong>Typ: 15-g\u0142osowy instrument z&nbsp;traktur\u0105 pneumatyczn\u0105 i&nbsp;sto\u017ckowymi wiatrownicami.<\/strong><\/li>\n<li><strong>Klawiatury: Dwie manualne (C-f) i&nbsp;jedna no\u017cna (peda\u0142, C-d&#8217;).<\/strong><\/li>\n<li><strong>Zasilanie: Miech p\u0142ywakowy nap\u0119dzany silnikiem elektrycznym, z&nbsp;opcj\u0105 manualnego pompowania przez kalikanta.<\/strong><\/li>\n<li><strong>Materia\u0142y: Drewno (g\u0142\u00f3wnie \u015bwierk\/sosna) dla szafy organowej, sto\u0142u gry, piszcza\u0142ek drewnianych, podp\u00f3r i&nbsp;obudowy miecha. Piszcza\u0142ki metalowe wykonane s\u0105 ze stopu cynowo-o\u0142owiowego.<\/strong><\/li>\n<\/ul>\n<h4><strong>Dyspozycja:<\/strong><\/h4>\n<ul>\n<li><strong>Manua\u0142 I: 8 g\u0142os\u00f3w, w&nbsp;tym Pryncypa\u0142 8, Burdon 16\u2019, Gamba 8, i&nbsp;inne.<\/strong><\/li>\n<li><strong>Manua\u0142 II: 4 g\u0142osy, w&nbsp;tym Pryncypa\u0142 Skrzypcowy 8\u2019, Eolina 8, i&nbsp;inne.<\/strong><\/li>\n<li><strong>Peda\u0142: 3 g\u0142osy, Subbass 16\u2019, Cello 8\u2019, Oktawbass 16.<\/strong><\/li>\n<li><strong>Dodatkowe rejestry: Piano, Mezzoforte, Forte, oraz Tremolo (dodane p\u00f3\u017aniej).<\/strong><\/li>\n<\/ul>\n<h4><strong>Historia:<\/strong><\/h4>\n<ul>\n<li><strong>Pocz\u0105tki: Instrument sprowadzony w&nbsp;1908 roku ze \u015al\u0105ska, wyprodukowany przez K. Nadworn\u0105 Fabryk\u0119 Organ\u00f3w Braci Rieger w&nbsp;Jagerndorf (Austria).<\/strong><\/li>\n<li><strong>Remonty: Przez lata organy by\u0142y kilkukrotnie remontowane, ostatni wi\u0119kszy remont mia\u0142 miejsce w&nbsp;2008 roku z&nbsp;instalacj\u0105 nowego silnika elektrycznego.<\/strong><\/li>\n<\/ul>\n<h4><strong>Obecny Stan Techniczny i&nbsp;Usterki:<\/strong><\/h4>\n<ul>\n<li><strong>Kopulacje: Brak mo\u017cliwo\u015bci u\u017cywania wszystkich po\u0142\u0105cze\u0144.<\/strong><\/li>\n<li><strong>Klawiatura: Zapadni\u0119ty klawisz Es w&nbsp;manuale I, brak mo\u017cliwo\u015bci w\u0142\u0105czenia kilku g\u0142os\u00f3w.<\/strong><\/li>\n<li><strong>D\u017awi\u0119ki: Problemy z&nbsp;samograj\u0105cymi d\u017awi\u0119kami, samoczynne za\u0142\u0105czanie si\u0119 g\u0142os\u00f3w, niedzia\u0142aj\u0105ce tremolo.<\/strong><\/li>\n<li><strong>Instalacja Elektryczna: Prowizoryczna i&nbsp;wymagaj\u0105ca poprawy.<\/strong><\/li>\n<li><strong>Intonacja i&nbsp;Strojenie: Og\u00f3lny nie\u0142ad, brak intonacji, rozregulowanie klawiatury.<\/strong><\/li>\n<li><strong>Strukturalne: Dzia\u0142anie kornika, dziurawy miech, dziurawe mieszki, ubytki stolarskie, niedzia\u0142aj\u0105cy zegar kalikanta.<\/strong><\/li>\n<\/ul>\n<p><strong>Te usterki wskazuj\u0105 na potrzeb\u0119 kompleksowej renowacji i&nbsp;konserwacji instrumentu, aby przywr\u00f3ci\u0107 mu dawny blask i&nbsp;funkcjonalno\u015b\u0107.<\/strong><\/p>\n<p>SERDECZNIE ZAPRASZAMY DO SK\u0141ADANIA OFERT.<\/p>\n<p>Dokumenty (LINKI):<\/p>\n<ul>\n<li><a href=\"http:\/\/www.parafia-nowemiasto.pl\/wp-content\/uploads\/2024\/02\/10.-Opis-organow-w-Nowym-Miescie.pdf\" target=\"_blank\" rel=\"noopener\">Opis organ\u00f3w<\/a><\/li>\n<li><a href=\"http:\/\/www.parafia-nowemiasto.pl\/wp-content\/uploads\/2024\/03\/1.Zapytanie-ofertowe-organy.pdf\" target=\"_blank\" rel=\"noopener\">Zapytanie ofertowe<\/a><\/li>\n<li><a href=\"http:\/\/www.parafia-nowemiasto.pl\/wp-content\/uploads\/2024\/02\/2.-Zalacznik-nr-1-formularz-ofertowy.docx\" target=\"_blank\" rel=\"noopener\">Formularz ofertowy<\/a><\/li>\n<li><a href=\"http:\/\/www.parafia-nowemiasto.pl\/wp-content\/uploads\/2024\/02\/3.-Zalacznik-nr-2-wzor-umowy.pdf\" target=\"_blank\" rel=\"noopener\">Wz\u00f3r umowy<\/a><\/li>\n<li><a href=\"http:\/\/www.parafia-nowemiasto.pl\/wp-content\/uploads\/2024\/02\/4.-Zalacznik-nr-3-klauzula-RODO.docx\" target=\"_blank\" rel=\"noopener\">Za\u0142\u0105cznik nr 3 klauzula Rodo<\/a><\/li>\n<li><a href=\"http:\/\/www.parafia-nowemiasto.pl\/wp-content\/uploads\/2024\/02\/5.-Zalacznik-nr-4-Wykaz-robot.docx\" target=\"_blank\" rel=\"noopener\">Za\u0142\u0105cznik nr 4 wykaz rob\u00f3t<\/a><\/li>\n<li><a href=\"http:\/\/www.parafia-nowemiasto.pl\/wp-content\/uploads\/2024\/02\/6.-Zalacznik-nr-5-oswiadczenie-o-wykluczeniu.doc\" target=\"_blank\" rel=\"noopener\">Za\u0142\u0105cznik nr 5 o\u015bwiadczenie o&nbsp;wykluczeniu<\/a><\/li>\n<li><a href=\"http:\/\/www.parafia-nowemiasto.pl\/wp-content\/uploads\/2024\/02\/7.-Zalacznik-nr-6-oswiadczenie-o-spelnieniu-warunkow-udzialu-w-postepowaniu.doc\" target=\"_blank\" rel=\"noopener\">Za\u0142\u0105cznik nr 6 o\u015bwiadczenie o&nbsp;spe\u0142nieniu warunk\u00f3w udzia\u0142 u&nbsp;w post\u0119powaniu<\/a><\/li>\n<li><a href=\"http:\/\/www.parafia-nowemiasto.pl\/wp-content\/uploads\/2024\/02\/8.-Zalacznik-nr-7-oswiadczenie-o-braku-powiazan-z-Zamawiajacym.doc\" target=\"_blank\" rel=\"noopener\">Za\u0142\u0105cznik nr 7 o\u015bwiadczenie o&nbsp;braku powi\u0105za\u0144<\/a><\/li>\n<li><a href=\"http:\/\/www.parafia-nowemiasto.pl\/wp-content\/uploads\/2024\/02\/9.-Zalacznik-nr-8-wykaz-osob.docx\" target=\"_blank\" rel=\"noopener\">Za\u0142\u0105cznik nr 8 &#8211; wykaz os\u00f3b<\/a><\/li>\n<li>Informacja z&nbsp;otwarcia ofert\n<ul>\n<li><a href=\"https:\/\/www.parafia-nowemiasto.pl\/wp-content\/uploads\/2024\/04\/informacja-z-otwarcia-ofert-48.pdf\" target=\"_blank\" rel=\"noopener\">Organmistrzostwo Marek B\u0105czek<\/a><\/li>\n<\/ul>\n<\/li>\n<li>ZAWIADOMIENIE O&nbsp;WYBORZE NAJKORZYSTNIEJSZEJ OFERTY\u00a0 \u00a0 \u00a0https:\/\/ugnowemiasto.pl\/file\/download?id=16219<\/li>\n<\/ul>\n<figure class='gallery-item'>\n\t\t\t\t<a data-elementor-open-lightbox=\"yes\" data-elementor-lightbox-slideshow=\"83cb6a9\" data-elementor-lightbox-title=\"IMG_20230805_133611\" data-e-action-hash=\"#elementor-action%3Aaction%3Dlightbox%26settings%3DeyJpZCI6NTkwNiwidXJsIjoiaHR0cDpcL1wvd3d3LnBhcmFmaWEtbm93ZW1pYXN0by5wbFwvd3AtY29udGVudFwvdXBsb2Fkc1wvMjAyNFwvMDNcL0lNR18yMDIzMDgwNV8xMzM2MTEtc2NhbGVkLmpwZyIsInNsaWRlc2hvdyI6IjgzY2I2YTkifQ%3D%3D\" href='http:\/\/www.parafia-nowemiasto.pl\/wp-content\/uploads\/2024\/03\/IMG_20230805_133611-scaled.jpg'><img loading=\"lazy\" decoding=\"async\" width=\"768\" height=\"1027\" src=\"http:\/\/www.parafia-nowemiasto.pl\/wp-content\/uploads\/2024\/03\/IMG_20230805_133611-scaled.jpg\" alt=\"\" \/><\/a><br \/>\n\t\t\t<\/figure>\n<figure class='gallery-item'>\n\t\t\t\t<a data-elementor-open-lightbox=\"yes\" data-elementor-lightbox-slideshow=\"83cb6a9\" data-elementor-lightbox-title=\"IMG_20230805_123916\" data-e-action-hash=\"#elementor-action%3Aaction%3Dlightbox%26settings%3DeyJpZCI6NTkwMSwidXJsIjoiaHR0cDpcL1wvd3d3LnBhcmFmaWEtbm93ZW1pYXN0by5wbFwvd3AtY29udGVudFwvdXBsb2Fkc1wvMjAyNFwvMDNcL0lNR18yMDIzMDgwNV8xMjM5MTYtc2NhbGVkLmpwZyIsInNsaWRlc2hvdyI6IjgzY2I2YTkifQ%3D%3D\" href='http:\/\/www.parafia-nowemiasto.pl\/wp-content\/uploads\/2024\/03\/IMG_20230805_123916-scaled.jpg'><img loading=\"lazy\" decoding=\"async\" width=\"768\" height=\"575\" src=\"http:\/\/www.parafia-nowemiasto.pl\/wp-content\/uploads\/2024\/03\/IMG_20230805_123916-scaled.jpg\" alt=\"\" \/><\/a><br \/>\n\t\t\t<\/figure>\n<figure class='gallery-item'>\n\t\t\t\t<a data-elementor-open-lightbox=\"yes\" data-elementor-lightbox-slideshow=\"83cb6a9\" data-elementor-lightbox-title=\"IMG_20230805_133546\" data-e-action-hash=\"#elementor-action%3Aaction%3Dlightbox%26settings%3DeyJpZCI6NTkwNSwidXJsIjoiaHR0cDpcL1wvd3d3LnBhcmFmaWEtbm93ZW1pYXN0by5wbFwvd3AtY29udGVudFwvdXBsb2Fkc1wvMjAyNFwvMDNcL0lNR18yMDIzMDgwNV8xMzM1NDYtc2NhbGVkLmpwZyIsInNsaWRlc2hvdyI6IjgzY2I2YTkifQ%3D%3D\" href='http:\/\/www.parafia-nowemiasto.pl\/wp-content\/uploads\/2024\/03\/IMG_20230805_133546-scaled.jpg'><img loading=\"lazy\" decoding=\"async\" width=\"768\" height=\"575\" src=\"http:\/\/www.parafia-nowemiasto.pl\/wp-content\/uploads\/2024\/03\/IMG_20230805_133546-scaled.jpg\" alt=\"\" \/><\/a><br \/>\n\t\t\t<\/figure>\n<figure class='gallery-item'>\n\t\t\t\t<a data-elementor-open-lightbox=\"yes\" data-elementor-lightbox-slideshow=\"83cb6a9\" data-elementor-lightbox-title=\"IMG_20230805_125143\" data-e-action-hash=\"#elementor-action%3Aaction%3Dlightbox%26settings%3DeyJpZCI6NTkwNCwidXJsIjoiaHR0cDpcL1wvd3d3LnBhcmFmaWEtbm93ZW1pYXN0by5wbFwvd3AtY29udGVudFwvdXBsb2Fkc1wvMjAyNFwvMDNcL0lNR18yMDIzMDgwNV8xMjUxNDMtc2NhbGVkLmpwZyIsInNsaWRlc2hvdyI6IjgzY2I2YTkifQ%3D%3D\" href='http:\/\/www.parafia-nowemiasto.pl\/wp-content\/uploads\/2024\/03\/IMG_20230805_125143-scaled.jpg'><img loading=\"lazy\" decoding=\"async\" width=\"768\" height=\"576\" src=\"http:\/\/www.parafia-nowemiasto.pl\/wp-content\/uploads\/2024\/03\/IMG_20230805_125143-scaled.jpg\" alt=\"\" \/><\/a><br \/>\n\t\t\t<\/figure>\n<figure class='gallery-item'>\n\t\t\t\t<a data-elementor-open-lightbox=\"yes\" data-elementor-lightbox-slideshow=\"83cb6a9\" data-elementor-lightbox-title=\"IMG_20230805_125103\" data-e-action-hash=\"#elementor-action%3Aaction%3Dlightbox%26settings%3DeyJpZCI6NTkwMywidXJsIjoiaHR0cDpcL1wvd3d3LnBhcmFmaWEtbm93ZW1pYXN0by5wbFwvd3AtY29udGVudFwvdXBsb2Fkc1wvMjAyNFwvMDNcL0lNR18yMDIzMDgwNV8xMjUxMDMtc2NhbGVkLmpwZyIsInNsaWRlc2hvdyI6IjgzY2I2YTkifQ%3D%3D\" href='http:\/\/www.parafia-nowemiasto.pl\/wp-content\/uploads\/2024\/03\/IMG_20230805_125103-scaled.jpg'><img loading=\"lazy\" decoding=\"async\" width=\"768\" height=\"576\" src=\"http:\/\/www.parafia-nowemiasto.pl\/wp-content\/uploads\/2024\/03\/IMG_20230805_125103-scaled.jpg\" alt=\"\" \/><\/a><br \/>\n\t\t\t<\/figure>\n<figure class='gallery-item'>\n\t\t\t\t<a data-elementor-open-lightbox=\"yes\" data-elementor-lightbox-slideshow=\"83cb6a9\" data-elementor-lightbox-title=\"IMG_20230805_125022\" data-e-action-hash=\"#elementor-action%3Aaction%3Dlightbox%26settings%3DeyJpZCI6NTkwMiwidXJsIjoiaHR0cDpcL1wvd3d3LnBhcmFmaWEtbm93ZW1pYXN0by5wbFwvd3AtY29udGVudFwvdXBsb2Fkc1wvMjAyNFwvMDNcL0lNR18yMDIzMDgwNV8xMjUwMjItc2NhbGVkLmpwZyIsInNsaWRlc2hvdyI6IjgzY2I2YTkifQ%3D%3D\" href='http:\/\/www.parafia-nowemiasto.pl\/wp-content\/uploads\/2024\/03\/IMG_20230805_125022-scaled.jpg'><img loading=\"lazy\" decoding=\"async\" width=\"768\" height=\"576\" src=\"http:\/\/www.parafia-nowemiasto.pl\/wp-content\/uploads\/2024\/03\/IMG_20230805_125022-scaled.jpg\" alt=\"\" \/><\/a><br \/>\n\t\t\t<\/figure>\n","protected":false},"excerpt":{"rendered":"<p>Zapytanie ofertowe na wykonanie Remontu Organ\u00f3wW&nbsp;Nowym Mie\u015bcie Parafia Rzymskokatolicka \u015bw. Anny w&nbsp;Nowym Mie\u015bcie prezentuje instrument organowy o&nbsp;bogatej historii i&nbsp;unikalnych cechach, kt\u00f3ry jednak wymaga uwagi ze wzgl\u0119du na liczne usterki. Dane Techniczne: Typ: 15-g\u0142osowy instrument z&nbsp;traktur\u0105 pneumatyczn\u0105 i&nbsp;sto\u017ckowymi wiatrownicami. Klawiatury: Dwie manualne (C-f) i&nbsp;jedna no\u017cna (peda\u0142, C-d&#8217;). Zasilanie: Miech p\u0142ywakowy nap\u0119dzany silnikiem elektrycznym, z&nbsp;opcj\u0105 manualnego pompowania [&hellip;]<\/p>\n","protected":false},"author":1,"featured_media":0,"parent":0,"menu_order":0,"comment_status":"closed","ping_status":"closed","template":"","meta":{"footnotes":""},"class_list":["post-5808","page","type-page","status-publish","hentry"],"_links":{"self":[{"href":"https:\/\/www.parafia-nowemiasto.pl\/index.php\/wp-json\/wp\/v2\/pages\/5808","targetHints":{"allow":["GET"]}}],"collection":[{"href":"https:\/\/www.parafia-nowemiasto.pl\/index.php\/wp-json\/wp\/v2\/pages"}],"about":[{"href":"https:\/\/www.parafia-nowemiasto.pl\/index.php\/wp-json\/wp\/v2\/types\/page"}],"author":[{"embeddable":true,"href":"https:\/\/www.parafia-nowemiasto.pl\/index.php\/wp-json\/wp\/v2\/users\/1"}],"replies":[{"embeddable":true,"href":"https:\/\/www.parafia-nowemiasto.pl\/index.php\/wp-json\/wp\/v2\/comments?post=5808"}],"version-history":[{"count":37,"href":"https:\/\/www.parafia-nowemiasto.pl\/index.php\/wp-json\/wp\/v2\/pages\/5808\/revisions"}],"predecessor-version":[{"id":6085,"href":"https:\/\/www.parafia-nowemiasto.pl\/index.php\/wp-json\/wp\/v2\/pages\/5808\/revisions\/6085"}],"wp:attachment":[{"href":"https:\/\/www.parafia-nowemiasto.pl\/index.php\/wp-json\/wp\/v2\/media?parent=5808"}],"curies":[{"name":"wp","href":"https:\/\/api.w.org\/{rel}","templated":true}]}}